{"id":2,"date":"2019-09-06T06:39:43","date_gmt":"2019-09-06T04:39:43","guid":{"rendered":"https:\/\/www.wwc-stuttgart.de\/?page_id=2"},"modified":"2019-09-06T06:39:43","modified_gmt":"2019-09-06T04:39:43","slug":"beispiel-seite","status":"publish","type":"page","link":"https:\/\/www.wwc-stuttgart.de\/events\/beispiel-seite\/","title":{"rendered":"Beispiel-Seite"},"content":{"rendered":"\n<p>Dies ist eine Beispiel-Seite. Sie unterscheidet sich von Beitr\u00e4gen, da sie stets an derselben Stelle bleibt und (bei den meisten Themes) in der Website-Navigation angezeigt wird. Die meisten starten mit einem Impressum, der Datenschutzerkl\u00e4rung oder einer &#8222;\u00dcber uns&#8220;-Seite, um sich potienziellen Besuchern der Website vorzustellen. Dort k\u00f6nnte zum Beispiel stehen:<\/p>\n\n\n\n<blockquote class=\"wp-block-quote is-layout-flow wp-block-quote-is-layout-flow\"><p>Hallo! Tags\u00fcber arbeite ich als Fahrradkurier, nachts bin ich ein aufstrebender Schauspieler und dies hier ist meine Website. Ich lebe in Berlin, habe einen gro\u00dfen Hund namens Jack, mag Pi&#241;a Coladas, jedoch weniger (ohne Schirm) im Regen stehen gelassen zu werden.<\/p><\/blockquote>\n\n\n\n<p>&hellip;&nbsp;oder so etwas wie:<\/p>\n\n\n\n<blockquote class=\"wp-block-quote is-layout-flow wp-block-quote-is-layout-flow\"><p>Unsere Firma XYZ wurde 1971 gegr\u00fcndet und hat seither eine Menge hochqualitative ABC-Produkte f\u00fcr die \u00d6ffentlichkeit produziert. Ans\u00e4ssig in Gotham City, hat XYZ mittlerweile \u00fcber 2.000 Mitarbeiter und entwickelt immer wieder gro\u00dfartige Dinge f\u00fcr die ganze Gotham-Gemeinschaft.<\/p><\/blockquote>\n\n\n\n<p>Als neuer WordPress-Benutzer solltest du dein <a href=\"https:\/\/www.wwc-stuttgart.de\/wp-admin\/\">Dashboard<\/a> aufrufen, um diese Seite zu l\u00f6schen und neue Seiten und Beitr\u00e4ge f\u00fcr deine Website erstellen. Viel Spa\u00df!<\/p>\n","protected":false},"excerpt":{"rendered":"<p>Dies ist eine Beispiel-Seite. Sie unterscheidet sich von Beitr\u00e4gen, da sie stets an derselben Stelle bleibt und (bei den meisten Themes) in der Website-Navigation angezeigt wird. Die meisten starten mit &hellip; <\/p>\n<p class=\"link-more\"><a href=\"https:\/\/www.wwc-stuttgart.de\/events\/beispiel-seite\/\" class=\"more-link\"><span class=\"screen-reader-text\">\u201eBeispiel-Seite\u201c <\/span>weiterlesen<\/a><\/p>\n","protected":false},"author":1,"featured_media":0,"parent":0,"menu_order":0,"comment_status":"closed","ping_status":"open","template":"","meta":{"footnotes":""},"class_list":["post-2","page","type-page","status-publish","hentry"],"_links":{"self":[{"href":"https:\/\/www.wwc-stuttgart.de\/events\/wp-json\/wp\/v2\/pages\/2","targetHints":{"allow":["GET"]}}],"collection":[{"href":"https:\/\/www.wwc-stuttgart.de\/events\/wp-json\/wp\/v2\/pages"}],"about":[{"href":"https:\/\/www.wwc-stuttgart.de\/events\/wp-json\/wp\/v2\/types\/page"}],"author":[{"embeddable":true,"href":"https:\/\/www.wwc-stuttgart.de\/events\/wp-json\/wp\/v2\/users\/1"}],"replies":[{"embeddable":true,"href":"https:\/\/www.wwc-stuttgart.de\/events\/wp-json\/wp\/v2\/comments?post=2"}],"version-history":[{"count":0,"href":"https:\/\/www.wwc-stuttgart.de\/events\/wp-json\/wp\/v2\/pages\/2\/revisions"}],"wp:attachment":[{"href":"https:\/\/www.wwc-stuttgart.de\/events\/wp-json\/wp\/v2\/media?parent=2"}],"curies":[{"name":"wp","href":"https:\/\/api.w.org\/{rel}","templated":true}]}}