{"id":23,"date":"2017-08-14T21:09:42","date_gmt":"2017-08-14T19:09:42","guid":{"rendered":"https:\/\/wwc.ml-net.eu\/?page_id=23"},"modified":"2017-08-14T21:09:42","modified_gmt":"2017-08-14T19:09:42","slug":"schnupperschiessen","status":"publish","type":"page","link":"https:\/\/www.wwc-stuttgart.de\/events\/schnupperschiessen\/","title":{"rendered":"Schnupperschie\u00dfen"},"content":{"rendered":"<p>Als kleiner Verein sind wir nat\u00fcrlich auch an der Gewinnung von Nachwuchs interessiert. Aber Sie brauchen sich nicht gleich nach den ersten Schnupperschie\u00dfen verpflichtet zu f\u00fchlen bei uns einzutreten. Vielmehr m\u00f6chten wir Anf\u00e4ngern mit einem echten Interesse dabei helfen herauszufinden, ob ihnen diese Sportart liegt, und wie tief sie darin einsteigen wollen. Wir freuen uns auch \u00fcber (mehr oder wenig) regelm\u00e4\u00dfig wiederkehrende G\u00e4ste. Und selbst wenn Sie feststellen sollten, dass das dies nicht Ihre Sportart ist, gehen Sie keinerlei weiterreichende Verpflichtung ein.<\/p>\n<p>Vielleicht haben Sie das schon mal im Fernsehen gesehen, vielleicht auch nur davon geh\u00f6rt, oder vielleicht hat diese Webseite Ihr Interesse geweckt? Wenn Sie also schon immer mal wissen wollten, wie es ist mit Schrot auf Wurfscheiben zu schie\u00dfen, sind Sie bei uns richtig!<\/p>\n<p>H\u00e4ufig geh\u00f6rten Vorurteilen zum Trotz, hat auch der Gesetzgeber daf\u00fcr nur bemerkenswert niedrige H\u00fcrden aufgestellt:<\/p>\n<ul>\n<li>Sie d\u00fcrfen beim Schie\u00dfen nicht unter Alkoholeinfluss stehen<\/li>\n<li>Sie m\u00fcssen sich bei uns (einmalig) mit einem Personalausweis \/ F\u00fchrerschein \/ oder sonstigem amtlichen Lichtbildausweis ausweisen und in die Anwesenheitsliste eintragen<\/li>\n<li>Sie m\u00fcssen \u00e4lter als 14 Jahre sein (f\u00fcr Jugendliche unter 18 Jahre ist auch noch eine <a href=\"https:\/\/www.wwc-stuttgart.de\/jugendschutz\/\">Einverst\u00e4ndniserkl\u00e4rung der Eltern<\/a> notwendig)<\/li>\n<li>In Einklang mit der Europ\u00e4ischen\u00a0Datenschutzgrundverordnung m\u00fcssen Sie auch eine <a href=\"https:\/\/www.wwc-stuttgart.de\/einwilligungdatenverarbeitunggast\/\">Einverst\u00e4ndniserkl\u00e4rung unterzeichnen<\/a>, dass wir\u00a0Ihre personenbezogene\u00a0Daten speichern d\u00fcrfen, soweit das f\u00fcr die Aufrechterhaltung des Sportbetriebs notwendig ist (klingt kompliziert \u2013 wir speichern das, was f\u00fcr einen sportlichen Wettkampf n\u00f6tig w\u00e4re, und das was wir zum Abrechnen ben\u00f6tigen.).<\/li>\n<\/ul>\n<p>Alles andere \u00fcbernehmen wir:<\/p>\n<ul>\n<li>Bei uns k\u00f6nnen Sie sich eine Leihflinte leihen<\/li>\n<li>Bei uns k\u00f6nnen Sie Munition (zum sofortigen Verbrauch) erwerben<\/li>\n<li>Wir weisen Sie vor dem Schie\u00dfen in die <a href=\"https:\/\/www.wwc-stuttgart.de\/sicherheitsregeln\/\">sichere Handhabung<\/a> der Flinte ein<\/li>\n<li>Wir begleiten Sie bei Ihrem ersten Schie\u00dferlebnis<\/li>\n<li>Sie k\u00f6nnen bei uns auch Sicherheitsausr\u00fcstung (Geh\u00f6rschutz \/ Schutzbrille \/ Kappe \/ Schie\u00dfweste \/ \u2026) leihen<\/li>\n<li>Und wir werfen die Wurfscheiben f\u00fcr Sie (bei Bedarf k\u00f6nnen diese auch langsamer oder auf \u201enur geradeaus\u201c eingestellt werden<\/li>\n<\/ul>\n<p>Bitte haben Sie Verst\u00e4ndnis daf\u00fcr, dass wir eine vern\u00fcnftige Betreuung von Anf\u00e4ngern, die vorher nie eine Flinte in H\u00e4nden gehalten haben, in der Regel nur f\u00fcr bis zu 3 Anf\u00e4nger gleichzeitig leisten k\u00f6nnen \u2013 bitte vereinbaren Sie daher vorab einen Termin.<\/p>\n<p>&nbsp;<\/p>\n<p>F\u00fcr Anfragen und weitere Informationen schreiben Sie bitte eine E-Mail an:<\/p>\n<p>info {at} wwc-stuttgart.de (bitte {at} durch @ ersetzen)<\/p>\n<p>oder rufen Sie unter:<\/p>\n<p>+49 (0)7152 909121<\/p>\n<p>an.<\/p>\n<p>&nbsp;<\/p>\n<p>Wenn Sie aber auf der Suche nach einem Event sind (vorher schon wissen, dass Sie das nur einmalig machen wollen \u2013 z.B. Junggesellenabschied, Firmenevent; etc.) so empfehlen wir Kontakt mit der <a href=\"https:\/\/www.jaeger-stuttgart.de\/fachbereiche\/schiesswesen\/detail\/artikel\/ihr-ansprechpartner\/a\/show\/\">J\u00e4gervereinigung Stuttgart e.V<\/a>. aufzunehmen. Als gr\u00f6\u00dferer Verein, hat die JVS auch die M\u00f6glichkeit gr\u00f6\u00dferen Gruppen Sondertermine (Termine an denen die gesamte Wurfscheibenanlage nur f\u00fcr Ihre Gruppe reserviert ist) anzubieten.<\/p>\n","protected":false},"excerpt":{"rendered":"<p>Als kleiner Verein sind wir nat\u00fcrlich auch an der Gewinnung von Nachwuchs interessiert. Aber Sie brauchen sich nicht gleich nach den ersten Schnupperschie\u00dfen verpflichtet zu f\u00fchlen bei uns einzutreten. Vielmehr &hellip; <\/p>\n<p class=\"link-more\"><a href=\"https:\/\/www.wwc-stuttgart.de\/events\/schnupperschiessen\/\" class=\"more-link\"><span class=\"screen-reader-text\">\u201eSchnupperschie\u00dfen\u201c <\/span>weiterlesen<\/a><\/p>\n","protected":false},"author":1,"featured_media":0,"parent":0,"menu_order":0,"comment_status":"closed","ping_status":"closed","template":"","meta":{"footnotes":""},"class_list":["post-23","page","type-page","status-publish","hentry"],"_links":{"self":[{"href":"https:\/\/www.wwc-stuttgart.de\/events\/wp-json\/wp\/v2\/pages\/23","targetHints":{"allow":["GET"]}}],"collection":[{"href":"https:\/\/www.wwc-stuttgart.de\/events\/wp-json\/wp\/v2\/pages"}],"about":[{"href":"https:\/\/www.wwc-stuttgart.de\/events\/wp-json\/wp\/v2\/types\/page"}],"author":[{"embeddable":true,"href":"https:\/\/www.wwc-stuttgart.de\/events\/wp-json\/wp\/v2\/users\/1"}],"replies":[{"embeddable":true,"href":"https:\/\/www.wwc-stuttgart.de\/events\/wp-json\/wp\/v2\/comments?post=23"}],"version-history":[{"count":0,"href":"https:\/\/www.wwc-stuttgart.de\/events\/wp-json\/wp\/v2\/pages\/23\/revisions"}],"wp:attachment":[{"href":"https:\/\/www.wwc-stuttgart.de\/events\/wp-json\/wp\/v2\/media?parent=23"}],"curies":[{"name":"wp","href":"https:\/\/api.w.org\/{rel}","templated":true}]}}