{"id":327,"date":"2023-06-24T16:18:28","date_gmt":"2023-06-24T14:18:28","guid":{"rendered":"https:\/\/www.wwc-stuttgart.de\/?page_id=327"},"modified":"2023-10-04T12:11:05","modified_gmt":"2023-10-04T10:11:05","slug":"gebuehren","status":"publish","type":"page","link":"https:\/\/www.wwc-stuttgart.de\/events\/gebuehren\/","title":{"rendered":"Geb\u00fchren"},"content":{"rendered":"\n<figure class=\"wp-block-table\"><table><tbody><tr><td colspan=\"2\"><strong>Vereinsgeb\u00fchren \/ Beitr\u00e4ge ab 02.04.2022<\/strong><\/td><\/tr><tr><td>Aufnahmegeb\u00fchr (einmaliger Baustein)<\/td><td>200,00 \u20ac<\/td><\/tr><tr><td>Jahresbeitrag f\u00fcr KJV-Mitglieder\u00a0\u00a0\u00a0\u00a0\u00a0\u00a0\u00a0\u00a0\u00a0\u00a0\u00a0\u00a0\u00a0\u00a0\u00a0 \u00a0 ab 01.01.2023<\/td><td>87,50 \u20ac<\/td><\/tr><tr><td>Jahresbeitrag f\u00fcr nicht KJV-Mitglieder\u00a0\u00a0\u00a0\u00a0\u00a0\u00a0ab 01.01.2023<\/td><td>125,00 \u20ac<\/td><\/tr><tr><td><strong>Schie\u00dfgeb\u00fchren f\u00fcr Mitglieder<\/strong><\/td><td><\/td><\/tr><tr><td>Serie Trap \/ Skeet&nbsp; a\u00b4 25 Scheiben<\/td><td>5,00 \u20ac<\/td><\/tr><tr><td>Serie Doppeltrap a\u00b4 30 Scheiben<\/td><td>6,00 \u20ac<\/td><\/tr><tr><td>Munition 1 Packung (25 Schuss)<\/td><td>Auf Anfrage<\/td><\/tr><tr><td><strong>Jugend Mitglieder<\/strong><\/td><td><\/td><\/tr><tr><td>Serie Trap \/ Skeet&nbsp; a\u00b4 25 Scheiben<\/td><td>2,50 \u20ac<\/td><\/tr><tr><td>Serie Doppeltrap a\u00b4 30 Scheiben<\/td><td>3,00 \u20ac<\/td><\/tr><tr><td>Munition 1 Packung (25 Schuss)<\/td><td>Auf Anfrage<\/td><\/tr><tr><td><strong>Schie\u00dfgeb\u00fchren f\u00fcr G\u00e4ste<\/strong><\/td><td><\/td><\/tr><tr><td>Serie Trap \/ Skeet&nbsp; a\u00b4 25 Scheiben<\/td><td>8,50 \u20ac<\/td><\/tr><tr><td>Serie Doppeltrap a\u00b4 30 Scheiben<\/td><td>9,50 \u20ac<\/td><\/tr><tr><td>Munition 1 Packung (25 Schuss)<\/td><td>Auf Anfrage<\/td><\/tr><tr><td><strong>Jugend G\u00e4ste<\/strong><\/td><td><\/td><\/tr><tr><td>Serie Trap \/ Skeet&nbsp; a\u00b4 25 Scheiben<\/td><td>5,00 \u20ac<\/td><\/tr><tr><td>Serie Doppeltrap a\u00b4 30 Scheiben<\/td><td>6,00 \u20ac<\/td><\/tr><tr><td>Munition 1 Packung (25 Schuss)<\/td><td>Auf Anfrage<\/td><\/tr><tr><td><strong>Waffen Leihgeb\u00fchr f\u00fcr&nbsp; G\u00e4ste<\/strong><\/td><td>6,00 \u20ac<\/td><\/tr><\/tbody><\/table><\/figure>\n","protected":false},"excerpt":{"rendered":"<p>Vereinsgeb\u00fchren \/ Beitr\u00e4ge ab 02.04.2022 Aufnahmegeb\u00fchr (einmaliger Baustein) 200,00 \u20ac Jahresbeitrag f\u00fcr KJV-Mitglieder\u00a0\u00a0\u00a0\u00a0\u00a0\u00a0\u00a0\u00a0\u00a0\u00a0\u00a0\u00a0\u00a0\u00a0\u00a0 \u00a0 ab 01.01.2023 87,50 \u20ac Jahresbeitrag f\u00fcr nicht KJV-Mitglieder\u00a0\u00a0\u00a0\u00a0\u00a0\u00a0ab 01.01.2023 125,00 \u20ac Schie\u00dfgeb\u00fchren f\u00fcr Mitglieder Serie Trap &hellip; <\/p>\n<p class=\"link-more\"><a href=\"https:\/\/www.wwc-stuttgart.de\/events\/gebuehren\/\" class=\"more-link\"><span class=\"screen-reader-text\">\u201eGeb\u00fchren\u201c <\/span>weiterlesen<\/a><\/p>\n","protected":false},"author":5,"featured_media":0,"parent":0,"menu_order":0,"comment_status":"closed","ping_status":"closed","template":"","meta":{"footnotes":""},"class_list":["post-327","page","type-page","status-publish","hentry"],"_links":{"self":[{"href":"https:\/\/www.wwc-stuttgart.de\/events\/wp-json\/wp\/v2\/pages\/327","targetHints":{"allow":["GET"]}}],"collection":[{"href":"https:\/\/www.wwc-stuttgart.de\/events\/wp-json\/wp\/v2\/pages"}],"about":[{"href":"https:\/\/www.wwc-stuttgart.de\/events\/wp-json\/wp\/v2\/types\/page"}],"author":[{"embeddable":true,"href":"https:\/\/www.wwc-stuttgart.de\/events\/wp-json\/wp\/v2\/users\/5"}],"replies":[{"embeddable":true,"href":"https:\/\/www.wwc-stuttgart.de\/events\/wp-json\/wp\/v2\/comments?post=327"}],"version-history":[{"count":16,"href":"https:\/\/www.wwc-stuttgart.de\/events\/wp-json\/wp\/v2\/pages\/327\/revisions"}],"predecessor-version":[{"id":1642,"href":"https:\/\/www.wwc-stuttgart.de\/events\/wp-json\/wp\/v2\/pages\/327\/revisions\/1642"}],"wp:attachment":[{"href":"https:\/\/www.wwc-stuttgart.de\/events\/wp-json\/wp\/v2\/media?parent=327"}],"curies":[{"name":"wp","href":"https:\/\/api.w.org\/{rel}","templated":true}]}}