{"id":36,"date":"2017-08-14T21:16:27","date_gmt":"2017-08-14T19:16:27","guid":{"rendered":"https:\/\/wwc.ml-net.eu\/?page_id=36"},"modified":"2026-03-14T11:01:52","modified_gmt":"2026-03-14T10:01:52","slug":"links","status":"publish","type":"page","link":"https:\/\/www.wwc-stuttgart.de\/events\/links\/","title":{"rendered":"Links"},"content":{"rendered":"<p><strong>Dachorganisation:<\/strong><\/p>\n<p>Der WWC-Stuttgart e.V. ist Mitglied des <a href=\"http:\/\/www.wsv1850.de\/\">WSV 1850 e.V.<\/a><\/p>\n<p>* im <a href=\"https:\/\/schuetzenkreis-stuttgart.de\/\">Kreis Stuttgart<\/a><\/p>\n<p>* im <a href=\"http:\/\/www.schuetzenbezirk-stuttgart.de\/index.php\">Bezirk Stuttgart<\/a><\/p>\n<p>Der WSV 1850 e.V. wiederum ist Mitglied des<a href=\"http:\/\/www.dsb.de\/start\/\"> Deutscher Sch\u00fctzenbund e. V.<\/a><\/p>\n<p><strong>Andere Vereine:<\/strong><\/p>\n<p>Sollte dies Seite Ihr Interesse am Schie\u00dfsport geweckt haben, aber Sie suchen eine andere Disziplin, oder sind geografisch einfach so weit entfern, dass Sie gezwungen sind, sich einen anderen Verein suchen, so k\u00f6nne Ihnen <a href=\"http:\/\/www.ziel-im-visier.de\/\">Ziel-im-Visier<\/a> dabei helfen.<\/p>\n<p><strong>Sachkundeschulungen:<\/strong><\/p>\n<p>In Zusammenarbeit mit dem <a href=\"http:\/\/www.sv-hirschlanden.de\/\">SV-Hirschlanden<\/a> f\u00fchrt unser Vorstand immer wieder <a href=\"http:\/\/skp7.de\">Sachkundeschulungen<\/a> durch.<\/p>\n<p><strong>Formulare<\/strong><\/p>\n<p><em>Vereinseigene Formulare:<\/em><\/p>\n<p><a href=\"https:\/\/www.wwc-stuttgart.de\/wp-content\/uploads\/2022\/03\/AufnahmeantragMitLastschrift.pdf\">Mitgliedantrag<\/a><\/p>\n<p><a href=\"https:\/\/www.wwc-stuttgart.de\/wp-content\/uploads\/2019\/09\/Einverst\u00e4ndniserkl\u00e4rung.pdf\">Einverst\u00e4ndniserkl\u00e4rung<\/a> (f\u00fcr jugendliche Sch\u00fctzen ab 14 Jahren)<\/p>\n<p><a href=\"https:\/\/www.wwc-stuttgart.de\/wp-content\/uploads\/2019\/09\/DatenschutzGast.pdf\">Datenschutzerkl\u00e4rung Gast<\/a> (f\u00fcr G\u00e4ste, die bei uns schie\u00dfen m\u00f6chten)<\/p>\n<p><em>Formulare der Dachverb\u00e4nde:<\/em><\/p>\n<p>Wenn Sie in mehr als einem Verein Mitglied sind, und an den Meisterschaften (Kreis-, Bezirk-, Land, oder Deutsche Meisterschaft) teilnehmen wollen, so m\u00fcssen Sie sich vor Beginn des Sportjahres (und f\u00fcr jede einzelne Disziplin) entscheiden, f\u00fcr welchen Verein Sie starten wollen. Dies k\u00f6nnen Sie mit der <a href=\"http:\/\/www.wsv1850.de\/index.php\/component\/phocadownload\/category\/42-wichtige-formulare?download=1615:vorlage-starterklrung-neu-2016\">Starterkl\u00e4rung<\/a> tun. (Siehe hierzu auch die <a href=\"http:\/\/www.wsv1850.de\/index.php\/component\/phocadownload\/category\/42-wichtige-formulare?download=1925:2017-postversand-starterklaerung\">Hinweise des WSV1850<\/a>.)<\/p>\n<p>Wenn Sie als EU-B\u00fcrger (ohne deutsche Staatsb\u00fcrgerschaft) f\u00fcr Deutschland starten m\u00f6chten, ben\u00f6tigen Sie eine <a href=\"http:\/\/www.wsv1850.de\/index.php\/component\/phocadownload\/category\/42-wichtige-formulare?download=925:formularverpflichtungserklrung\">Verpflichtungserkl\u00e4rung<\/a>.<\/p>\n<p>\u00c4hnliches gilt auch als <a href=\"http:\/\/www.wsv1850.de\/index.php\/component\/phocadownload\/category\/42-wichtige-formulare?download=1487:antrag-auf-startgenehmigung-fuer-auslaendische-staatsangehoerige-aus-drittstaaten\">Angeh\u00f6riger eines Drittstaates<\/a>.<\/p>\n<p><em>Formulare f\u00fcr den Waffenerwerb<\/em><\/p>\n<p>Generell empfehlen wir als pers\u00f6nlichen Schie\u00dfnachweis ein Schie\u00dfbuch zu f\u00fchren. Wenn sie dies aber nicht getan haben, aber dennoch in den vergangenen 12 Monaten mindestens 18 Mal auf unserer Anlage geschossen haben, kann Ihnen der Vorstand auch nachtr\u00e4glich einen <a href=\"http:\/\/www.wsv1850.de\/index.php\/component\/phocadownload\/category\/42-wichtige-formulare?download=920:wr\">Schie\u00dfnachweis<\/a> ausstellen.<\/p>\n<p>Was immer wieder zu Verwirrung f\u00fchrt ist die Tatsache, dass der <a href=\"http:\/\/www.wsv1850.de\/index.php\/component\/phocadownload\/category\/42-wichtige-formulare?download=1726:beduerfnisantrag-gelb-14-abs-4-waffg-zum-ausfuellen-stand-dez-2016\">Antrag Gelb<\/a> nicht wirklich der Antrag auf eine gelbe WBK ist, sondern vielmehr der Antrag an den <a href=\"http:\/\/www.wsv1850.de\/\">Dachverband<\/a> das Bed\u00fcrfnis zu bescheinigen. Die eigentliche WBK wird dann bei der zust\u00e4ndigen Beh\u00f6rde mit einem separaten Formular beantragt, bei dem die Bed\u00fcrfnisbescheinigung eine notwendige Anlage ist, genauso wie das Sachkundezeugnis.<\/p>\n","protected":false},"excerpt":{"rendered":"<p>Dachorganisation: Der WWC-Stuttgart e.V. ist Mitglied des WSV 1850 e.V. * im Kreis Stuttgart * im Bezirk Stuttgart Der WSV 1850 e.V. wiederum ist Mitglied des Deutscher Sch\u00fctzenbund e. V. &hellip; <\/p>\n<p class=\"link-more\"><a href=\"https:\/\/www.wwc-stuttgart.de\/events\/links\/\" class=\"more-link\"><span class=\"screen-reader-text\">\u201eLinks\u201c <\/span>weiterlesen<\/a><\/p>\n","protected":false},"author":1,"featured_media":0,"parent":0,"menu_order":0,"comment_status":"closed","ping_status":"closed","template":"","meta":{"footnotes":""},"class_list":["post-36","page","type-page","status-publish","hentry"],"_links":{"self":[{"href":"https:\/\/www.wwc-stuttgart.de\/events\/wp-json\/wp\/v2\/pages\/36","targetHints":{"allow":["GET"]}}],"collection":[{"href":"https:\/\/www.wwc-stuttgart.de\/events\/wp-json\/wp\/v2\/pages"}],"about":[{"href":"https:\/\/www.wwc-stuttgart.de\/events\/wp-json\/wp\/v2\/types\/page"}],"author":[{"embeddable":true,"href":"https:\/\/www.wwc-stuttgart.de\/events\/wp-json\/wp\/v2\/users\/1"}],"replies":[{"embeddable":true,"href":"https:\/\/www.wwc-stuttgart.de\/events\/wp-json\/wp\/v2\/comments?post=36"}],"version-history":[{"count":15,"href":"https:\/\/www.wwc-stuttgart.de\/events\/wp-json\/wp\/v2\/pages\/36\/revisions"}],"predecessor-version":[{"id":2289,"href":"https:\/\/www.wwc-stuttgart.de\/events\/wp-json\/wp\/v2\/pages\/36\/revisions\/2289"}],"wp:attachment":[{"href":"https:\/\/www.wwc-stuttgart.de\/events\/wp-json\/wp\/v2\/media?parent=36"}],"curies":[{"name":"wp","href":"https:\/\/api.w.org\/{rel}","templated":true}]}}