{"id":467,"date":"2018-01-28T12:56:49","date_gmt":"2018-01-28T11:56:49","guid":{"rendered":"https:\/\/www.wwc-stuttgart.de\/?page_id=467"},"modified":"2019-09-08T09:04:03","modified_gmt":"2019-09-08T07:04:03","slug":"unser-schissstand","status":"publish","type":"page","link":"https:\/\/www.wwc-stuttgart.de\/events\/unser-schissstand\/","title":{"rendered":"unser Schie\u00dfstand"},"content":{"rendered":"<p>Wir haben uns bei der J\u00e4gervereinigung Stuttgart e. V.\u00a0 eingemietet und k\u00f6nnen dort die Wurfscheibenanlage (Trap und Skeet) benutzen. Baulich bedingt, kann immer nur eine der beiden Anlagen gleichzeitig genutzt werden.<\/p>\n<p><a href=\"https:\/\/www.wwc-stuttgart.de\/wp-content\/uploads\/2019\/09\/Anlage.jpg\"><img loading=\"lazy\" decoding=\"async\" class=\"aligncenter size-medium wp-image-873\" src=\"https:\/\/www.wwc-stuttgart.de\/wp-content\/uploads\/2019\/09\/Anlage-300x225.jpg\" alt=\"\" width=\"300\" height=\"225\" srcset=\"https:\/\/www.wwc-stuttgart.de\/wp-content\/uploads\/2019\/09\/Anlage-300x225.jpg 300w, https:\/\/www.wwc-stuttgart.de\/wp-content\/uploads\/2019\/09\/Anlage-768x576.jpg 768w, https:\/\/www.wwc-stuttgart.de\/wp-content\/uploads\/2019\/09\/Anlage.jpg 960w\" sizes=\"auto, (max-width: 300px) 100vw, 300px\" \/><\/a>Die Anlage ist f\u00fcr Eisenschrote bis 2,5mm, bis 24g zugelassen.<\/p>\n<p>Diese Munition darf auch aus Flinten mit <a href=\"https:\/\/www.beschussamt-ulm.de\/beschussamt\/Interne_Dokumente\/Dokumente\/VF_504_M_Info-Verwendung-Bleifreie-Schrote_19-02-2017.pdf?m=1519038245\">normalem Beschuss<\/a> (ohne verst\u00e4rktem Beschuss) verschossen werden.<\/p>\n<p>(Das Thema verst\u00e4rkter Beschuss wird erst f\u00fcr gr\u00f6\u00dfere Eisenschrote relevant, die auf unserem Schie\u00dfstand ohnehin nicht zugelassen sind.)<\/p>\n","protected":false},"excerpt":{"rendered":"<p>Wir haben uns bei der J\u00e4gervereinigung Stuttgart e. V.\u00a0 eingemietet und k\u00f6nnen dort die Wurfscheibenanlage (Trap und Skeet) benutzen. Baulich bedingt, kann immer nur eine der beiden Anlagen gleichzeitig genutzt &hellip; <\/p>\n<p class=\"link-more\"><a href=\"https:\/\/www.wwc-stuttgart.de\/events\/unser-schissstand\/\" class=\"more-link\"><span class=\"screen-reader-text\">\u201eunser Schie\u00dfstand\u201c <\/span>weiterlesen<\/a><\/p>\n","protected":false},"author":1,"featured_media":0,"parent":0,"menu_order":0,"comment_status":"closed","ping_status":"closed","template":"","meta":{"footnotes":""},"class_list":["post-467","page","type-page","status-publish","hentry"],"_links":{"self":[{"href":"https:\/\/www.wwc-stuttgart.de\/events\/wp-json\/wp\/v2\/pages\/467","targetHints":{"allow":["GET"]}}],"collection":[{"href":"https:\/\/www.wwc-stuttgart.de\/events\/wp-json\/wp\/v2\/pages"}],"about":[{"href":"https:\/\/www.wwc-stuttgart.de\/events\/wp-json\/wp\/v2\/types\/page"}],"author":[{"embeddable":true,"href":"https:\/\/www.wwc-stuttgart.de\/events\/wp-json\/wp\/v2\/users\/1"}],"replies":[{"embeddable":true,"href":"https:\/\/www.wwc-stuttgart.de\/events\/wp-json\/wp\/v2\/comments?post=467"}],"version-history":[{"count":2,"href":"https:\/\/www.wwc-stuttgart.de\/events\/wp-json\/wp\/v2\/pages\/467\/revisions"}],"predecessor-version":[{"id":883,"href":"https:\/\/www.wwc-stuttgart.de\/events\/wp-json\/wp\/v2\/pages\/467\/revisions\/883"}],"wp:attachment":[{"href":"https:\/\/www.wwc-stuttgart.de\/events\/wp-json\/wp\/v2\/media?parent=467"}],"curies":[{"name":"wp","href":"https:\/\/api.w.org\/{rel}","templated":true}]}}