{"id":63,"date":"2017-08-15T06:40:31","date_gmt":"2017-08-15T04:40:31","guid":{"rendered":"https:\/\/wwc.ml-net.eu\/?page_id=63"},"modified":"2019-09-08T09:12:32","modified_gmt":"2019-09-08T07:12:32","slug":"wurfscheibenschiessen","status":"publish","type":"page","link":"https:\/\/www.wwc-stuttgart.de\/events\/wurfscheibenschiessen\/","title":{"rendered":"Wurfscheiben"},"content":{"rendered":"<h2><strong>Warum das, was landl\u00e4ufig &#8222;Tontauben&#8220; genannt wird, in Wirklichkeit &#8222;Wurfscheiben&#8220; hei\u00dft.<\/strong><\/h2>\n<p>\u00a0<\/p>\n<p>Tontauben, Wurftauben und Wurfscheiben sind drei Begriffe, f\u00fcr eine\u00a0Frisbee-\u00e4hnliche Scheibe aus einem leicht zerbrechlichen Material. Beim Wurfscheibenschie\u00dfen (auch Tontaubenschie\u00dfen oder Wurftaubenschie\u00dfen\u00a0genannt) dient diese Scheibe als bewegtes Ziel f\u00fcr den Schuss mit einer Flinte (Schrot). Bricht ein sichtbares St\u00fcck der Scheibe ab, w\u00e4hrend diese noch fliegt, so wird der Schuss als Treffer gewertet.<\/p>\n<p>W\u00e4hrend beim jagdlichen Schie\u00dfen die Scheiben m\u00f6glichst so geworfen werden, um die Flugbahn von Wild (z.B. einer Taube)\u00a0nachzubilden, werden die Scheiben beim sportlichen Schie\u00dfen meist schneller geworfen. Da in Deutschland beim sportlichen Schie\u00dfen nur auf Scheiben geschossen werden darf, hei\u00dft die korrekte Bezeichnung dieses Ziels eben <em>Wurfscheibe<\/em>.<\/p>\n\n\n<ul class=\"wp-block-gallery columns-2 is-cropped wp-block-gallery-1 is-layout-flex wp-block-gallery-is-layout-flex\"><li class=\"blocks-gallery-item\"><figure><a href=\"https:\/\/www.wwc-stuttgart.de\/wp-content\/uploads\/2019\/09\/HarzScheiben-1024x624.jpg\"><img loading=\"lazy\" decoding=\"async\" width=\"1024\" height=\"624\" src=\"https:\/\/www.wwc-stuttgart.de\/wp-content\/uploads\/2019\/09\/HarzScheiben-1024x624.jpg\" alt=\"\" data-id=\"868\" data-link=\"https:\/\/www.wwc-stuttgart.de\/harzscheiben\/\" class=\"wp-image-868\" srcset=\"https:\/\/www.wwc-stuttgart.de\/wp-content\/uploads\/2019\/09\/HarzScheiben-1024x624.jpg 1024w, https:\/\/www.wwc-stuttgart.de\/wp-content\/uploads\/2019\/09\/HarzScheiben-300x183.jpg 300w, https:\/\/www.wwc-stuttgart.de\/wp-content\/uploads\/2019\/09\/HarzScheiben-768x468.jpg 768w, https:\/\/www.wwc-stuttgart.de\/wp-content\/uploads\/2019\/09\/HarzScheiben.jpg 1182w\" sizes=\"auto, (max-width: 767px) 89vw, (max-width: 1000px) 54vw, (max-width: 1071px) 543px, 580px\" \/><\/a><\/figure><\/li><li class=\"blocks-gallery-item\"><figure><a href=\"https:\/\/www.wwc-stuttgart.de\/wp-content\/uploads\/2019\/09\/BitumenScheibe-1024x576.jpg\"><img loading=\"lazy\" decoding=\"async\" width=\"1024\" height=\"576\" src=\"https:\/\/www.wwc-stuttgart.de\/wp-content\/uploads\/2019\/09\/BitumenScheibe-1024x576.jpg\" alt=\"\" data-id=\"867\" data-link=\"https:\/\/www.wwc-stuttgart.de\/bitumenscheibe\/\" class=\"wp-image-867\" srcset=\"https:\/\/www.wwc-stuttgart.de\/wp-content\/uploads\/2019\/09\/BitumenScheibe-1024x576.jpg 1024w, https:\/\/www.wwc-stuttgart.de\/wp-content\/uploads\/2019\/09\/BitumenScheibe-300x169.jpg 300w, https:\/\/www.wwc-stuttgart.de\/wp-content\/uploads\/2019\/09\/BitumenScheibe-768x432.jpg 768w, https:\/\/www.wwc-stuttgart.de\/wp-content\/uploads\/2019\/09\/BitumenScheibe.jpg 1280w\" sizes=\"auto, (max-width: 767px) 89vw, (max-width: 1000px) 54vw, (max-width: 1071px) 543px, 580px\" \/><\/a><\/figure><\/li><\/ul>\n\n\n\n<p>\n&nbsp;Auch sind Wurfscheiben schon lange nicht mehr aus Ton. Heutzutage werden gepresste Harze&nbsp;(vom Kolophoniumharz) oder Bitumen verwendet.\n\n<\/p>\n","protected":false},"excerpt":{"rendered":"<p>Warum das, was landl\u00e4ufig &#8222;Tontauben&#8220; genannt wird, in Wirklichkeit &#8222;Wurfscheiben&#8220; hei\u00dft. \u00a0 Tontauben, Wurftauben und Wurfscheiben sind drei Begriffe, f\u00fcr eine\u00a0Frisbee-\u00e4hnliche Scheibe aus einem leicht zerbrechlichen Material. Beim Wurfscheibenschie\u00dfen (auch &hellip; <\/p>\n<p class=\"link-more\"><a href=\"https:\/\/www.wwc-stuttgart.de\/events\/wurfscheibenschiessen\/\" class=\"more-link\"><span class=\"screen-reader-text\">\u201eWurfscheiben\u201c <\/span>weiterlesen<\/a><\/p>\n","protected":false},"author":1,"featured_media":0,"parent":0,"menu_order":0,"comment_status":"closed","ping_status":"closed","template":"","meta":{"footnotes":""},"class_list":["post-63","page","type-page","status-publish","hentry"],"_links":{"self":[{"href":"https:\/\/www.wwc-stuttgart.de\/events\/wp-json\/wp\/v2\/pages\/63","targetHints":{"allow":["GET"]}}],"collection":[{"href":"https:\/\/www.wwc-stuttgart.de\/events\/wp-json\/wp\/v2\/pages"}],"about":[{"href":"https:\/\/www.wwc-stuttgart.de\/events\/wp-json\/wp\/v2\/types\/page"}],"author":[{"embeddable":true,"href":"https:\/\/www.wwc-stuttgart.de\/events\/wp-json\/wp\/v2\/users\/1"}],"replies":[{"embeddable":true,"href":"https:\/\/www.wwc-stuttgart.de\/events\/wp-json\/wp\/v2\/comments?post=63"}],"version-history":[{"count":2,"href":"https:\/\/www.wwc-stuttgart.de\/events\/wp-json\/wp\/v2\/pages\/63\/revisions"}],"predecessor-version":[{"id":885,"href":"https:\/\/www.wwc-stuttgart.de\/events\/wp-json\/wp\/v2\/pages\/63\/revisions\/885"}],"wp:attachment":[{"href":"https:\/\/www.wwc-stuttgart.de\/events\/wp-json\/wp\/v2\/media?parent=63"}],"curies":[{"name":"wp","href":"https:\/\/api.w.org\/{rel}","templated":true}]}}