{"id":648,"date":"2018-05-13T21:33:36","date_gmt":"2018-05-13T19:33:36","guid":{"rendered":"https:\/\/www.wwc-stuttgart.de\/?page_id=648"},"modified":"2022-11-17T00:21:44","modified_gmt":"2022-11-16T23:21:44","slug":"datenschutzerklaerung-2","status":"publish","type":"page","link":"https:\/\/www.wwc-stuttgart.de\/events\/datenschutzerklaerung-2\/","title":{"rendered":"Datenschutzerkl\u00e4rung"},"content":{"rendered":"<div>\n<p>Der Schutz und die Sicherheit von pers\u00f6nlichen Daten hat bei uns eine hohe Priorit\u00e4t. Daher halten wir uns strikt an die Regeln des deutschen Bundesdatenschutzgesetzes (BDSG). Nachfolgend werden Sie dar\u00fcber informiert, welche Art von Daten erfasst und zu welchem Zweck sie erhoben werden:<\/p>\n<p><strong>Daten\u00fcbermittlung \/Datenprotokollierung<\/strong><br \/>\nBeim Besuch dieser Seite verzeichnet der Web-Server automatisch Log-Files, die keiner bestimmten Person zugeordnet werden k\u00f6nnen. Diese Daten beinhalten z. B. den Browsertyp und -version, verwendetes Betriebssystem, Referrer URL (die zuvor besuchte Seite), IP-Adresse des anfragenden Rechners, Zugriffsdatum und -uhrzeit der Serveranfrage und die Dateianfrage des Client (Dateiname und URL). Diese Daten werden nur zum Zweck der statistischen Auswertung gesammelt. Eine Weitergabe an Dritte, zu kommerziellen oder nichtkommerziellen Zwecken, findet nicht statt.<\/p>\n<p><strong>Nutzung pers\u00f6nlicher Daten<\/strong><br \/>\nPers\u00f6nliche Daten werden nur erhoben oder verarbeitet, wenn Sie diese Angaben freiwillig, z.B. im Rahmen einer Anfrage mitteilen. Sofern keine erforderlichen Gr\u00fcnde im Zusammenhang mit einer Gesch\u00e4ftsabwicklung bestehen, k\u00f6nnen Sie jederzeit die zuvor erteilte Genehmigung Ihrer pers\u00f6nlichen Datenspeicherung mit sofortiger Wirkung schriftlich (z.B. per E-Mail oder per Fax) widerrufen. Ihre Daten werden nicht an Dritte weitergeben, es sei denn, eine Weitergabe ist aufgrund gesetzlicher Vorschriften erforderlich.<\/p>\n<p><strong>Auskunft, \u00c4nderung und L\u00f6schung Ihrer Daten<\/strong><br \/>\nGem\u00e4\u00df geltendem Recht k\u00f6nnen Sie jederzeit bei uns schriftlich nachfragen, ob und welche personenbezogenen Daten bei uns \u00fcber Sie gespeichert sind. Eine entsprechende Mitteilung hierzu erhalten Sie umgehend.<\/p>\n<p><strong>Sicherheit Ihrer Daten<\/strong><br \/>\nIhre uns zur Verf\u00fcgung gestellten pers\u00f6nlichen Daten werden durch Ergreifung aller technischen sowie organisatorischen Sicherheitsma\u00dfnahmen so gesichert, dass sie f\u00fcr den Zugriff unberechtigter Dritter unzug\u00e4nglich sind. Bei Versendung von sehr sensiblen Daten oder Informationen ist es empfehlenswert, den Postweg zu nutzen, da eine vollst\u00e4ndige Datensicherheit per E-Mail nicht gew\u00e4hrleistet werden kann.<\/p>\n<p><strong>Formulare<\/strong><\/p>\n<p>Die auf dieser Seite herunterladbaren Formulare (z.B. Mitgliederantrag) sind als reine Formular-Vorlagen zu verstehen. Online k\u00f6nnen dies nicht mit Daten bef\u00fcllt werden. Sollten Sie eines dieser Formulare nutzen wollen, drucken sie dieses bitte aus und schicken sie das ausgef\u00fcllte Formular an eine der auf der <a href=\"https:\/\/www.wwc-stuttgart.de\/impressum\/\">Seite Impressum<\/a> angegebenen Kontaktm\u00f6glichkeiten an uns. Daher k\u00f6nnen personenbezogene Daten nur gespeichert werden, wenn Sie diese vorher freiwillig an uns geschick haben.<\/p>\n<p><strong>Cookies<\/strong><br \/>\nAuf einigen unserer Seiten verwenden wir sog. &#8222;Session-Cookies&#8220;, um Ihnen die Nutzung unserer Webseiten zu erleichtern. Dabei handelt es sich um kleine Textdateien, die nur f\u00fcr die Dauer Ihres Besuchs unserer Webseite auf Ihrer Festplatte hinterlegt und abh\u00e4ngig von der Einstellung Ihres Browser-Programms beim Beenden des Browsers wieder gel\u00f6scht werden. Diese Cookies rufen keine auf Ihrer Festplatte \u00fcber Sie gespeicherten Informationen ab und beeintr\u00e4chtigen nicht Ihren PC oder ihre Dateien. Die meisten Browser sind so eingestellt, dass sie Cookies automatisch akzeptieren. Sie k\u00f6nnen das Speichern von Cookies jedoch deaktivieren oder ihren Browser so einstellen, dass er Sie auf die Sendung von Cookies hinweist.<\/p>\n<\/div>\n<div>\n<p><strong>Widerspruch Werbe-Mails<\/strong><br \/>\nDer Nutzung von im Rahmen der Impressumspflicht ver\u00f6ffentlichten Kontaktdaten zur \u00dcbersendung von nicht ausdr\u00fccklich angeforderter Werbung und Informationsmaterialien wird hiermit widersprochen. Die Betreiber der Seiten behalten sich ausdr\u00fccklich rechtliche Schritte im Falle der unverlangten Zusendung von Werbeinformationen, etwa durch Spam-E-Mails, vor.<\/p>\n<p><strong>Haftungsausschluss<\/strong><br \/>\nDer WWC-Stuttgart e. V. \u00fcbernimmt keinerlei Gew\u00e4hr f\u00fcr die Vollst\u00e4ndigkeit, Aktualit\u00e4t, Qualit\u00e4t, Verf\u00fcgbarkeit und St\u00f6rungsfreiheit der bereitgestellten Informationen. Dies gilt gleichfalls f\u00fcr andere Internetseiten, auf die mittels eines Links vom Internetauftritt des Herausgebers aus verwiesen wird. Haftungsanspr\u00fcche gegen den Herausgeber f\u00fcr Sch\u00e4den, die durch die Nutzung oder Nichtnutzung der dargebotenen Informationen bzw. durch die Nutzung fehlerhafter und unvollst\u00e4ndiger Informationen verursacht wurden, sind ausgeschlossen.<\/p>\n<p>Inhalte auf fremden Internetseiten, auf die durch Links verwiesen wird, liegen au\u00dferhalb der Verantwortung oder Haftung des Herausgebers. Der Herausgeber haftet nicht daf\u00fcr, dass die durch Links erreichten Internetseiten rechtlich einwandfrei sind und dem guten Anstand entsprechen. Nach Kenntnisnahme von Internetauftritten mit unzul\u00e4ssigen oder anst\u00f6\u00dfigen Inhalten wird der Herausgeber entsprechende Links unverz\u00fcglich von seinen Internetseiten entfernen.<\/p>\n<p><strong>Urheberrecht<br \/>\n<\/strong>Der Internetauftritt des Herausgebers ist durch das Urheberrecht gesch\u00fctzt. Die \u00dcbernahme und Vervielf\u00e4ltigung von gestalterischen und grafischen Elementen, von Inhalten und Daten (Texte, Fotos) bedarf der Zustimmung. Ausgenommen hiervon sind die auf Internetseite ver\u00f6ffentlichten Dokumente (PDFs), die Sie zur privaten Information nutzen d\u00fcrfen.<\/p>\n<p><strong>\u00c4nderungen dieser Datenschutzbestimmungen<\/strong><br \/>\nWir werden diese Richtlinien zum Schutz Ihrer pers\u00f6nlichen Daten von Zeit zu Zeit aktualisieren. Sie sollten sich diese Richtlinien gelegentlich ansehen, um auf dem Laufenden dar\u00fcber zu bleiben, wie wir Ihre Daten sch\u00fctzen und die Inhalte unserer Website stetig verbessern. Sollten wir wesentliche \u00c4nderungen bei der Sammlung, der Nutzung und\/oder der Weitergabe der uns von Ihnen zur Verf\u00fcgung gestellten personenbezogenen Daten vornehmen, werden wir Sie durch einen eindeutigen und gut sichtbaren Hinweis auf der Website darauf aufmerksam machen. Mit der Nutzung der Webseite erkl\u00e4ren Sie sich mit den Bedingungen dieser Richtlinien zum Schutz pers\u00f6nlicher Daten einverstanden.<\/p>\n<p>Bei Fragen zu diesen Datenschutzbestimmungen wenden Sie sich bitte \u00fcber die auf der <a href=\"https:\/\/www.wwc-stuttgart.de\/impressum\/\">Seite Impressum<\/a> angegebenen Kontaktm\u00f6glichkeiten an uns.<\/p>\n<\/div>\n","protected":false},"excerpt":{"rendered":"<p>Der Schutz und die Sicherheit von pers\u00f6nlichen Daten hat bei uns eine hohe Priorit\u00e4t. Daher halten wir uns strikt an die Regeln des deutschen Bundesdatenschutzgesetzes (BDSG). Nachfolgend werden Sie dar\u00fcber &hellip; <\/p>\n<p class=\"link-more\"><a href=\"https:\/\/www.wwc-stuttgart.de\/events\/datenschutzerklaerung-2\/\" class=\"more-link\"><span class=\"screen-reader-text\">\u201eDatenschutzerkl\u00e4rung\u201c <\/span>weiterlesen<\/a><\/p>\n","protected":false},"author":1,"featured_media":0,"parent":0,"menu_order":0,"comment_status":"closed","ping_status":"closed","template":"","meta":{"footnotes":""},"class_list":["post-648","page","type-page","status-publish","hentry"],"_links":{"self":[{"href":"https:\/\/www.wwc-stuttgart.de\/events\/wp-json\/wp\/v2\/pages\/648","targetHints":{"allow":["GET"]}}],"collection":[{"href":"https:\/\/www.wwc-stuttgart.de\/events\/wp-json\/wp\/v2\/pages"}],"about":[{"href":"https:\/\/www.wwc-stuttgart.de\/events\/wp-json\/wp\/v2\/types\/page"}],"author":[{"embeddable":true,"href":"https:\/\/www.wwc-stuttgart.de\/events\/wp-json\/wp\/v2\/users\/1"}],"replies":[{"embeddable":true,"href":"https:\/\/www.wwc-stuttgart.de\/events\/wp-json\/wp\/v2\/comments?post=648"}],"version-history":[{"count":3,"href":"https:\/\/www.wwc-stuttgart.de\/events\/wp-json\/wp\/v2\/pages\/648\/revisions"}],"predecessor-version":[{"id":1507,"href":"https:\/\/www.wwc-stuttgart.de\/events\/wp-json\/wp\/v2\/pages\/648\/revisions\/1507"}],"wp:attachment":[{"href":"https:\/\/www.wwc-stuttgart.de\/events\/wp-json\/wp\/v2\/media?parent=648"}],"curies":[{"name":"wp","href":"https:\/\/api.w.org\/{rel}","templated":true}]}}