{"id":657,"date":"2018-05-13T23:31:43","date_gmt":"2018-05-13T21:31:43","guid":{"rendered":"https:\/\/www.wwc-stuttgart.de\/?page_id=657"},"modified":"2019-10-03T11:47:14","modified_gmt":"2019-10-03T09:47:14","slug":"einwilligungdatenverarbeitunggast","status":"publish","type":"page","link":"https:\/\/www.wwc-stuttgart.de\/events\/einwilligungdatenverarbeitunggast\/","title":{"rendered":"Einwilligung Datenverarbeitung Gast"},"content":{"rendered":"<p>Damit Sie als Gast unsere Anlage nutzen k\u00f6nnen, ist es auch notwendig, dass wir Personenbezogene Daten von Ihnen verarbeiten und speichern. Durch die EU-Datenschutzverordnung ist es notwendig, dass wir ab dem 25.05.2018 Ihr Einverst\u00e4ndnis hierzu einholen.<\/p>\n<p>Wir nutzen diese Daten<\/p>\n<ul>\n<li>zur Dokumentation von Schie\u00dfterminen ( z.B. um nachtr\u00e4glich Schie\u00dfbucheintr\u00e4ge best\u00e4tigen zu k\u00f6nnen.)<\/li>\n<li>zu Abrechnungszwecken<\/li>\n<li>zur Organisation von sportlichen Wettk\u00e4mpfen<\/li>\n<\/ul>\n<p>Bitte nutzen Sie hierf\u00fcr <a href=\"https:\/\/www.wwc-stuttgart.de\/wp-content\/uploads\/2019\/10\/DatenschutzGast.pdf\">folgendes Formular<\/a>.<\/p>\n","protected":false},"excerpt":{"rendered":"<p>Damit Sie als Gast unsere Anlage nutzen k\u00f6nnen, ist es auch notwendig, dass wir Personenbezogene Daten von Ihnen verarbeiten und speichern. Durch die EU-Datenschutzverordnung ist es notwendig, dass wir ab &hellip; <\/p>\n<p class=\"link-more\"><a href=\"https:\/\/www.wwc-stuttgart.de\/events\/einwilligungdatenverarbeitunggast\/\" class=\"more-link\"><span class=\"screen-reader-text\">\u201eEinwilligung Datenverarbeitung Gast\u201c <\/span>weiterlesen<\/a><\/p>\n","protected":false},"author":1,"featured_media":0,"parent":0,"menu_order":0,"comment_status":"closed","ping_status":"closed","template":"","meta":{"footnotes":""},"class_list":["post-657","page","type-page","status-publish","hentry"],"_links":{"self":[{"href":"https:\/\/www.wwc-stuttgart.de\/events\/wp-json\/wp\/v2\/pages\/657","targetHints":{"allow":["GET"]}}],"collection":[{"href":"https:\/\/www.wwc-stuttgart.de\/events\/wp-json\/wp\/v2\/pages"}],"about":[{"href":"https:\/\/www.wwc-stuttgart.de\/events\/wp-json\/wp\/v2\/types\/page"}],"author":[{"embeddable":true,"href":"https:\/\/www.wwc-stuttgart.de\/events\/wp-json\/wp\/v2\/users\/1"}],"replies":[{"embeddable":true,"href":"https:\/\/www.wwc-stuttgart.de\/events\/wp-json\/wp\/v2\/comments?post=657"}],"version-history":[{"count":5,"href":"https:\/\/www.wwc-stuttgart.de\/events\/wp-json\/wp\/v2\/pages\/657\/revisions"}],"predecessor-version":[{"id":923,"href":"https:\/\/www.wwc-stuttgart.de\/events\/wp-json\/wp\/v2\/pages\/657\/revisions\/923"}],"wp:attachment":[{"href":"https:\/\/www.wwc-stuttgart.de\/events\/wp-json\/wp\/v2\/media?parent=657"}],"curies":[{"name":"wp","href":"https:\/\/api.w.org\/{rel}","templated":true}]}}