{"id":67,"date":"2017-08-15T06:41:38","date_gmt":"2017-08-15T04:41:38","guid":{"rendered":"https:\/\/wwc.ml-net.eu\/?page_id=67"},"modified":"2019-09-09T06:29:53","modified_gmt":"2019-09-09T04:29:53","slug":"trap-regeln","status":"publish","type":"page","link":"https:\/\/www.wwc-stuttgart.de\/events\/trap-regeln\/","title":{"rendered":"Trap-Regeln"},"content":{"rendered":"<p><strong>Sportliches Trapschie\u00dfen<\/strong><\/p>\n<p>Das sportliche Trapschie\u00dfen ist seit dem Jahr 1900 olympisch und somit eine der \u00e4ltesten olympischen Schie\u00df-Disziplinen \u00fcberhaupt.<\/p>\n<p><strong><u>Der Trapstand (sportlich)<\/u><\/strong><\/p>\n<p>Die f\u00fcnf 1m\u00b2 gro\u00dfen Sch\u00fctzenst\u00e4nde liegen, im Abstand von 3m, auf einer Linie nebeneinander welche parallel im \u00a0Abstand von 15m zur hinteren Oberkante eines Bunkers liegen.<\/p>\n<p>Im Bunker sind 15 Wurfautomaten jeweils in Dreiergruppen stationiert und von jeder der 5 Maschinengruppen werden 2 linke, \u00a02 rechte sowie 1 gerade oder fast gerade Wurfscheiben (WS) abgeworfen.<\/p>\n<p>Die Einstellung der 15 Wurfautomaten erfolgt nach definierten 9 m\u00f6glichen Wurfschemata der DSB- Sportordnung.<\/p>\n\n\n<figure class=\"wp-block-image\"><a href=\"https:\/\/www.wwc-stuttgart.de\/wp-content\/uploads\/2019\/09\/Der-Trapstand-sportlich-pdf.jpg\"><img loading=\"lazy\" decoding=\"async\" width=\"1024\" height=\"724\" src=\"https:\/\/www.wwc-stuttgart.de\/wp-content\/uploads\/2019\/09\/Der-Trapstand-sportlich-pdf-1024x724.jpg\" alt=\"\" class=\"wp-image-875\" srcset=\"https:\/\/www.wwc-stuttgart.de\/wp-content\/uploads\/2019\/09\/Der-Trapstand-sportlich-pdf-1024x724.jpg 1024w, https:\/\/www.wwc-stuttgart.de\/wp-content\/uploads\/2019\/09\/Der-Trapstand-sportlich-pdf-300x212.jpg 300w, https:\/\/www.wwc-stuttgart.de\/wp-content\/uploads\/2019\/09\/Der-Trapstand-sportlich-pdf-768x543.jpg 768w, https:\/\/www.wwc-stuttgart.de\/wp-content\/uploads\/2019\/09\/Der-Trapstand-sportlich-pdf.jpg 1497w\" sizes=\"auto, (max-width: 767px) 89vw, (max-width: 1000px) 54vw, (max-width: 1071px) 543px, 580px\" \/><\/a><\/figure>\n\n\n\n<p><strong>Der Ablauf<\/strong><\/p>\n\n\n\n<p>Beim WWC werden Serien von jeweils 25 WS mit Weicheisenschrotpatronen im Kaliber 12 mit max.70mm H\u00fclsenl\u00e4nge (abgeschossener Zustand) und&nbsp; max. Schrotgewicht 24g &nbsp;mit einer Flinte Kaliber 12 beschossen.<\/p>\n\n\n\n<p>Die WS werden beim \u201esportlichen Trap\u201c vom Sportsch\u00fctzen durch m\u00fcndliches abrufen im Voranschlag beschossen. Das bedeutet, der Hinterschaft der Flinte liegt beim Abruf bereits an der Schulter des Sportsch\u00fctzen und die Wange auf dem sogenannten Schaftr\u00fccken.<\/p>\n\n\n\n<p>Die Teilnehmer sammeln sich in einer sogenannten Rotte, bestehend aus max. je 6 Sportsch\u00fctzen.<\/p>\n\n\n\n<p>Der zum Schie\u00dfen an die Reihe kommende Sportsch\u00fctze l\u00f6st durch Abruf elektroakustisch das Abwerfen einer WS aus und beschie\u00dft diese (je WS sind 2 Schuss m\u00f6glich).<\/p>\n\n\n\n<p>Als Treffer wird gewertet, wenn der Schiedsrichter nach dem Schuss erkennen kann, dass sich ein \u201esichtbares St\u00fcck\u201c von der WS gel\u00f6st hat.<\/p>\n\n\n\n<p>Anschlie\u00dfend wartet er, bis der rechts von ihm stehende Sportsch\u00fctze &#8222;seine\u201d WS abgerufen und beschossen hat, um sich dann selbst auf dessen Position zu begeben.<\/p>\n\n\n\n<p>Nachdem jeder Sportsch\u00fctze seine 25 WS beschossen hat (jeweils 5 pro Position 1 bis 5) ist dieser Durchgang beendet.<\/p>\n\n\n\n<p>Je nach Meisterschaft werden zwischen 2 und 5 Durchg\u00e4nge geschossen.<\/p>\n","protected":false},"excerpt":{"rendered":"<p>Sportliches Trapschie\u00dfen Das sportliche Trapschie\u00dfen ist seit dem Jahr 1900 olympisch und somit eine der \u00e4ltesten olympischen Schie\u00df-Disziplinen \u00fcberhaupt. Der Trapstand (sportlich) Die f\u00fcnf 1m\u00b2 gro\u00dfen Sch\u00fctzenst\u00e4nde liegen, im Abstand &hellip; <\/p>\n<p class=\"link-more\"><a href=\"https:\/\/www.wwc-stuttgart.de\/events\/trap-regeln\/\" class=\"more-link\"><span class=\"screen-reader-text\">\u201eTrap-Regeln\u201c <\/span>weiterlesen<\/a><\/p>\n","protected":false},"author":1,"featured_media":0,"parent":0,"menu_order":0,"comment_status":"closed","ping_status":"closed","template":"","meta":{"footnotes":""},"class_list":["post-67","page","type-page","status-publish","hentry"],"_links":{"self":[{"href":"https:\/\/www.wwc-stuttgart.de\/events\/wp-json\/wp\/v2\/pages\/67","targetHints":{"allow":["GET"]}}],"collection":[{"href":"https:\/\/www.wwc-stuttgart.de\/events\/wp-json\/wp\/v2\/pages"}],"about":[{"href":"https:\/\/www.wwc-stuttgart.de\/events\/wp-json\/wp\/v2\/types\/page"}],"author":[{"embeddable":true,"href":"https:\/\/www.wwc-stuttgart.de\/events\/wp-json\/wp\/v2\/users\/1"}],"replies":[{"embeddable":true,"href":"https:\/\/www.wwc-stuttgart.de\/events\/wp-json\/wp\/v2\/comments?post=67"}],"version-history":[{"count":2,"href":"https:\/\/www.wwc-stuttgart.de\/events\/wp-json\/wp\/v2\/pages\/67\/revisions"}],"predecessor-version":[{"id":907,"href":"https:\/\/www.wwc-stuttgart.de\/events\/wp-json\/wp\/v2\/pages\/67\/revisions\/907"}],"wp:attachment":[{"href":"https:\/\/www.wwc-stuttgart.de\/events\/wp-json\/wp\/v2\/media?parent=67"}],"curies":[{"name":"wp","href":"https:\/\/api.w.org\/{rel}","templated":true}]}}