{"id":69,"date":"2017-08-15T06:41:56","date_gmt":"2017-08-15T04:41:56","guid":{"rendered":"https:\/\/wwc.ml-net.eu\/?page_id=69"},"modified":"2019-09-09T06:35:28","modified_gmt":"2019-09-09T04:35:28","slug":"skeet-regeln","status":"publish","type":"page","link":"https:\/\/www.wwc-stuttgart.de\/events\/skeet-regeln\/","title":{"rendered":"Skeet-Regeln"},"content":{"rendered":"<p><strong>Sportliches Skeetschie\u00dfen<\/strong><\/p>\n<p>Beim sportlichen Skeetschie\u00dfen werden 25 Wurfscheiben (WS) aus zwei, auf der Skeetanlage aufgebauten Abwurf-H\u00e4usern timergesteuert&nbsp; (mit bis zu 3 sek. Verz\u00f6gerung) abgeworfen. Aus dem linken Haus, genannt \u201eHochhaus\u201c, in einer Abwurfh\u00f6he von ca. 2,5 m und vom rechten Haus \u201eNiederhaus\u201c aus ca. 80 cm H\u00f6he. Die H\u00f6he der beiden Flugbahnen im Schnittpunkt betr\u00e4gt ca. 4,60 m.<\/p>\n\n\n<figure class=\"wp-block-image\"><a href=\"https:\/\/www.wwc-stuttgart.de\/wp-content\/uploads\/2019\/09\/Der-Skeetstand-pdf.jpg\"><img loading=\"lazy\" decoding=\"async\" width=\"1024\" height=\"724\" src=\"https:\/\/www.wwc-stuttgart.de\/wp-content\/uploads\/2019\/09\/Der-Skeetstand-pdf-1024x724.jpg\" alt=\"\" class=\"wp-image-874\" srcset=\"https:\/\/www.wwc-stuttgart.de\/wp-content\/uploads\/2019\/09\/Der-Skeetstand-pdf-1024x724.jpg 1024w, https:\/\/www.wwc-stuttgart.de\/wp-content\/uploads\/2019\/09\/Der-Skeetstand-pdf-300x212.jpg 300w, https:\/\/www.wwc-stuttgart.de\/wp-content\/uploads\/2019\/09\/Der-Skeetstand-pdf-768x543.jpg 768w, https:\/\/www.wwc-stuttgart.de\/wp-content\/uploads\/2019\/09\/Der-Skeetstand-pdf.jpg 1497w\" sizes=\"auto, (max-width: 767px) 89vw, (max-width: 1000px) 54vw, (max-width: 1071px) 543px, 580px\" \/><\/a><\/figure>\n\n\n\n<p><strong>Der Ablauf<\/strong><\/p>\n\n\n\n<p>Beim WWC werden die 25 WS mit Weicheisenschrotpatronen im Kaliber 12 mit max. 70 mm H\u00fclsenl\u00e4nge (abgeschossener Zustand) und&nbsp; max. Schrotgewicht 24 g &nbsp;aus einer Flinte Kaliber 12 beschossen.<\/p>\n\n\n\n<p>Die Sportsch\u00fctzen sammeln sich in einer sogenannten Rotte, bestehend aus max. je 6 Sportsch\u00fctzen und beschie\u00dfen nacheinander die WS (je WS nur 1 Schuss) von den Schie\u00dfpositionen 1 bis 8.<\/p>\n\n\n\n<p>Die WS werden beim Skeet vom Sportsch\u00fctzen m\u00fcndlich im Jagdanschlag abgerufen. Das bedeutet, der Hinterschaft der Flinte liegt beim Abruf in H\u00fcfth\u00f6he des Sportsch\u00fctzen. Die max. H\u00f6he des Hinterschaftes, ausgehend vom H\u00fcftknochen des Sportsch\u00fctzen, ist in der DSB-Sportordnung festgelegt.<\/p>\n\n\n\n<p>Wenn alle Sportsch\u00fctzen die jeweilige Schie\u00dfposition absolviert haben, wird auf die n\u00e4chste gewechselt. Die Wurffolge ist nach DSB-Sportordnung definiert.<\/p>\n\n\n\n<p style=\"text-align:center\"><a href=\"https:\/\/www.wwc-stuttgart.de\/wp-content\/uploads\/2019\/09\/Wurffolge-beim-sportlichen-SKEET.pdf\">Wurffolge beim sportlichen SKEET<\/a><\/p>\n\n\n\n<p>HH = Hochhaus, NH = Niederhaus,<\/p>\n\n\n\n<p>D = Doublette: Beide WS fliegen gleichzeitig los und werden nacheinander beschossen, wobei immer diejenige WS zuerst beschossen wird, welche sich von der Position des Sportsch\u00fctzen entfernt (Ausnahme zweite Doublette bei Position 4).<\/p>\n\n\n\n<p>Die WS m\u00fcssen in einem markierten Bereich von ca. 40 m zwischen den Abwurf-H\u00e4usern getroffen werden. Als Treffer wird gewertet, wenn der Schiedsrichter nach dem Schuss erkennen kann, dass sich ein \u201esichtbares St\u00fcck\u201c von der WS gel\u00f6st hat.<\/p>\n\n\n\n<p>Nachdem jeder Sportsch\u00fctze seine 25 WS beschossen hat ist der Durchgang beendet.<\/p>\n\n\n\n<p>Je nach Meisterschaft werden zwischen 2 und 5 Durchg\u00e4nge geschossen.<\/p>\n","protected":false},"excerpt":{"rendered":"<p>Sportliches Skeetschie\u00dfen Beim sportlichen Skeetschie\u00dfen werden 25 Wurfscheiben (WS) aus zwei, auf der Skeetanlage aufgebauten Abwurf-H\u00e4usern timergesteuert&nbsp; (mit bis zu 3 sek. Verz\u00f6gerung) abgeworfen. Aus dem linken Haus, genannt \u201eHochhaus\u201c, &hellip; <\/p>\n<p class=\"link-more\"><a href=\"https:\/\/www.wwc-stuttgart.de\/events\/skeet-regeln\/\" class=\"more-link\"><span class=\"screen-reader-text\">\u201eSkeet-Regeln\u201c <\/span>weiterlesen<\/a><\/p>\n","protected":false},"author":1,"featured_media":0,"parent":0,"menu_order":0,"comment_status":"closed","ping_status":"closed","template":"","meta":{"footnotes":""},"class_list":["post-69","page","type-page","status-publish","hentry"],"_links":{"self":[{"href":"https:\/\/www.wwc-stuttgart.de\/events\/wp-json\/wp\/v2\/pages\/69","targetHints":{"allow":["GET"]}}],"collection":[{"href":"https:\/\/www.wwc-stuttgart.de\/events\/wp-json\/wp\/v2\/pages"}],"about":[{"href":"https:\/\/www.wwc-stuttgart.de\/events\/wp-json\/wp\/v2\/types\/page"}],"author":[{"embeddable":true,"href":"https:\/\/www.wwc-stuttgart.de\/events\/wp-json\/wp\/v2\/users\/1"}],"replies":[{"embeddable":true,"href":"https:\/\/www.wwc-stuttgart.de\/events\/wp-json\/wp\/v2\/comments?post=69"}],"version-history":[{"count":2,"href":"https:\/\/www.wwc-stuttgart.de\/events\/wp-json\/wp\/v2\/pages\/69\/revisions"}],"predecessor-version":[{"id":892,"href":"https:\/\/www.wwc-stuttgart.de\/events\/wp-json\/wp\/v2\/pages\/69\/revisions\/892"}],"wp:attachment":[{"href":"https:\/\/www.wwc-stuttgart.de\/events\/wp-json\/wp\/v2\/media?parent=69"}],"curies":[{"name":"wp","href":"https:\/\/api.w.org\/{rel}","templated":true}]}}