{"id":74,"date":"2017-08-15T06:43:40","date_gmt":"2017-08-15T04:43:40","guid":{"rendered":"https:\/\/wwc.ml-net.eu\/?page_id=74"},"modified":"2020-07-23T19:20:44","modified_gmt":"2020-07-23T17:20:44","slug":"sicherheitsregeln","status":"publish","type":"page","link":"https:\/\/www.wwc-stuttgart.de\/events\/sicherheitsregeln\/","title":{"rendered":"Sicherheitsregeln"},"content":{"rendered":"<p>Obwohl es sonst nicht unsere Art ist, auf Regeln herumzureiten, k\u00f6nnen und wollen wir beim Thema Sicherheit keine Kompromisse machen. Schlie\u00dflich sind unsere Sportger\u00e4te erwerbscheinpflichtige Flinten (meistens Bockdoppelflinten), die bei unsachgem\u00e4\u00dfer\/fahrl\u00e4ssiger Handhabung t\u00f6dliche Verletzungen herbeif\u00fchren k\u00f6nnen. Daher f\u00fchrt an den folgenden Regeln kein Weg vorbei:<\/p>\n<ul>\n<li>Kein Schie\u00dfen ohne Freigabe durch die Aufsicht.<\/li>\n<li>Flinten nur offen abstellen.<\/li>\n<li>Flinten auf dem Schie\u00dfstand nur offen tragen.<\/li>\n<li>Flinten nur auf dem Sch\u00fctzenstand, und nur unmittelbar vor der Schussabgabe schlie\u00dfen.<\/li>\n<li>Flinten unmittelbar nach der Schussabgabe wieder \u00f6ffnen.<\/li>\n<li>Flinten immer nach vorne \u00f6ffnen und schlie\u00dfen.<\/li>\n<li>Auf Stand 5, nach dem Schie\u00dfen von den anderen Sch\u00fctzen (im Uhrzeigersinn) wegdrehen.<\/li>\n<li>Auf dem Weg von Stand 5, nach Stand 1 m\u00fcssen beide Patronenlager leer sein.<\/li>\n<li>Sch\u00fctzenstand nicht verlassen, bevor der nachfolgende Sch\u00fctze geschossen hat<\/li>\n<\/ul>\n<p>Wir sind auch \u00fcberzeugt, dass jeder, der auch nur 2 Minuten \u00fcber das Thema nachgedacht hat, diese Regeln f\u00fcr sich selbst und seine eigene Sicherheit haben will, und von allen Anderen erwartet, dass diese Regeln so eingehalten werden.<\/p>\n<h2><strong>Schie\u00df und Standaufsicht<\/strong><\/h2>\n<p>Die zentrale Aufgabe der Schie\u00df- und Standaufsicht ist es vermeidbare Gefahren zu vermeiden. Dazu ist es notwendig, jeden \u2013 insbesondere auch die versehentlichen \u2013 Verst\u00f6\u00dfe gegen die oben genannten Sicherheitsregeln anzusprechen, und somit schon einzugreifen, bevor etwas passieren kann. Anweisungen der Schie\u00df- und Standaufsicht ist immer Folge zu leisten.<\/p>\n<h2><strong>Flinten offen abstellen\/tragen<\/strong><\/h2>\n<p>Die beste Sicherung gegen eine versehentliche Schussabgabe ist es die Flinte nicht nur ungeladen, sondern so, dass dies auch deutlich sichtbar ist (also offen mit freiem Blick in das Patronenlager) abzustellen und zu tragen. Jeder Sch\u00fctze \u00fcbernimmt alleine dadurch, dass er eine Waffe \u2013 auch eine Leihwaffe \u2013 in die Hand nimmt eine besondere Verantwortung. Teil dieser Verantwortung ist es auch, dass wir niemals eine geladene Waffe ablegen! Dennoch ist eine Waffe immer als geladen zu betrachten, solange bis dass sich der Sch\u00fctze pers\u00f6nlich von dem Gegenteil \u00fcberzeigt hat. Bei einer offen abgestellten Flinte ist das nicht nur f\u00fcr die Schie\u00df- und Standaufsicht, sondern auch f\u00fcr den jeweiligen Sch\u00fctzen mit einem Blick m\u00f6glich.<\/p>\n\n\n<figure class=\"wp-block-gallery columns-2 wp-block-gallery-1 is-layout-flex wp-block-gallery-is-layout-flex\"><ul class=\"blocks-gallery-grid\"><li class=\"blocks-gallery-item\"><figure><a href=\"https:\/\/www.wwc-stuttgart.de\/wp-content\/uploads\/2019\/09\/OffenAbgestellteFlinte.jpg\"><img loading=\"lazy\" decoding=\"async\" width=\"966\" height=\"743\" src=\"https:\/\/www.wwc-stuttgart.de\/wp-content\/uploads\/2019\/09\/OffenAbgestellteFlinte.jpg\" alt=\"\" data-id=\"861\" data-link=\"https:\/\/www.wwc-stuttgart.de\/offenabgestellteflinte\/\" class=\"wp-image-861\" srcset=\"https:\/\/www.wwc-stuttgart.de\/wp-content\/uploads\/2019\/09\/OffenAbgestellteFlinte.jpg 966w, https:\/\/www.wwc-stuttgart.de\/wp-content\/uploads\/2019\/09\/OffenAbgestellteFlinte-300x231.jpg 300w, https:\/\/www.wwc-stuttgart.de\/wp-content\/uploads\/2019\/09\/OffenAbgestellteFlinte-768x591.jpg 768w\" sizes=\"auto, (max-width: 767px) 89vw, (max-width: 1000px) 54vw, (max-width: 1071px) 543px, 580px\" \/><\/a><\/figure><\/li><li class=\"blocks-gallery-item\"><figure><a href=\"https:\/\/www.wwc-stuttgart.de\/wp-content\/uploads\/2019\/09\/OffenGetrageneFlinte-1024x533.jpg\"><img loading=\"lazy\" decoding=\"async\" width=\"1024\" height=\"533\" src=\"https:\/\/www.wwc-stuttgart.de\/wp-content\/uploads\/2019\/09\/OffenGetrageneFlinte-1024x533.jpg\" alt=\"\" data-id=\"862\" data-link=\"https:\/\/www.wwc-stuttgart.de\/offengetrageneflinte\/\" class=\"wp-image-862\" srcset=\"https:\/\/www.wwc-stuttgart.de\/wp-content\/uploads\/2019\/09\/OffenGetrageneFlinte-1024x533.jpg 1024w, https:\/\/www.wwc-stuttgart.de\/wp-content\/uploads\/2019\/09\/OffenGetrageneFlinte-300x156.jpg 300w, https:\/\/www.wwc-stuttgart.de\/wp-content\/uploads\/2019\/09\/OffenGetrageneFlinte-768x400.jpg 768w, https:\/\/www.wwc-stuttgart.de\/wp-content\/uploads\/2019\/09\/OffenGetrageneFlinte.jpg 1280w\" sizes=\"auto, (max-width: 767px) 89vw, (max-width: 1000px) 54vw, (max-width: 1071px) 543px, 580px\" \/><\/a><\/figure><\/li><\/ul><\/figure>\n\n\n\n<h2 class=\"wp-block-heading\"><strong>Sichere Handhabung<\/strong><\/h2>\n\n\n\n<p>Zum Schie\u00dfen selbst, muss die Flinte nat\u00fcrlich geschlossen sein. Das erledigt der Sch\u00fctze aber nur auf dem Sch\u00fctzenstand (eine 1m\u00b2 gro\u00dfe Betonplatte) und nur unmittelbar bevor er \u201emit dem Schie\u00dfen dran ist\u201c.<\/p>\n\n\n\n<div class=\"wp-block-image\"><figure class=\"aligncenter\"><a href=\"https:\/\/www.wwc-stuttgart.de\/wp-content\/uploads\/2019\/09\/Sch\u00fctzenst\u00e4nde.jpg\"><img loading=\"lazy\" decoding=\"async\" width=\"300\" height=\"211\" src=\"https:\/\/www.wwc-stuttgart.de\/wp-content\/uploads\/2019\/09\/Sch\u00fctzenst\u00e4nde-300x211.jpg\" alt=\"\" class=\"wp-image-870\" srcset=\"https:\/\/www.wwc-stuttgart.de\/wp-content\/uploads\/2019\/09\/Sch\u00fctzenst\u00e4nde-300x211.jpg 300w, https:\/\/www.wwc-stuttgart.de\/wp-content\/uploads\/2019\/09\/Sch\u00fctzenst\u00e4nde-768x541.jpg 768w, https:\/\/www.wwc-stuttgart.de\/wp-content\/uploads\/2019\/09\/Sch\u00fctzenst\u00e4nde.jpg 1023w\" sizes=\"auto, (max-width: 300px) 100vw, 300px\" \/><\/a><\/figure><\/div>\n\n\n\n<p>Dabei ist darauf zu achten, dass der Verschluss sauber einrastet.<\/p>\n\n\n\n<div class=\"wp-block-image\"><figure class=\"aligncenter\"><a href=\"https:\/\/www.wwc-stuttgart.de\/wp-content\/uploads\/2019\/09\/VerschlussEinrasten.jpg\"><img loading=\"lazy\" decoding=\"async\" width=\"300\" height=\"166\" src=\"https:\/\/www.wwc-stuttgart.de\/wp-content\/uploads\/2019\/09\/VerschlussEinrasten-300x166.jpg\" alt=\"\" class=\"wp-image-865\" srcset=\"https:\/\/www.wwc-stuttgart.de\/wp-content\/uploads\/2019\/09\/VerschlussEinrasten-300x166.jpg 300w, https:\/\/www.wwc-stuttgart.de\/wp-content\/uploads\/2019\/09\/VerschlussEinrasten-768x425.jpg 768w, https:\/\/www.wwc-stuttgart.de\/wp-content\/uploads\/2019\/09\/VerschlussEinrasten-1024x567.jpg 1024w, https:\/\/www.wwc-stuttgart.de\/wp-content\/uploads\/2019\/09\/VerschlussEinrasten.jpg 1310w\" sizes=\"auto, (max-width: 300px) 100vw, 300px\" \/><\/a><\/figure><\/div>\n\n\n\n<p>Grunds\u00e4tzlich soll sich ohnehin kein Schuss versehentlich l\u00f6sen. Der Moment des Schlie\u00dfens birgt aber genau daf\u00fcr die gr\u00f6\u00dfte Wahrscheinlichkeit. Daher ist es wichtig, in diesem Augenblick den Finger vom Abzug zu nehmen. Die Flinte l\u00e4sst sich auch mit ausgetrecktem Zeigefinger sicher greifen und handhaben.<\/p>\n\n\n\n<div class=\"wp-block-image\"><figure class=\"aligncenter\"><a href=\"https:\/\/www.wwc-stuttgart.de\/wp-content\/uploads\/2019\/09\/gestreckterZeigefinger.jpg\"><img loading=\"lazy\" decoding=\"async\" width=\"300\" height=\"167\" src=\"https:\/\/www.wwc-stuttgart.de\/wp-content\/uploads\/2019\/09\/gestreckterZeigefinger-300x167.jpg\" alt=\"\" class=\"wp-image-860\" srcset=\"https:\/\/www.wwc-stuttgart.de\/wp-content\/uploads\/2019\/09\/gestreckterZeigefinger-300x167.jpg 300w, https:\/\/www.wwc-stuttgart.de\/wp-content\/uploads\/2019\/09\/gestreckterZeigefinger-768x426.jpg 768w, https:\/\/www.wwc-stuttgart.de\/wp-content\/uploads\/2019\/09\/gestreckterZeigefinger-1024x568.jpg 1024w, https:\/\/www.wwc-stuttgart.de\/wp-content\/uploads\/2019\/09\/gestreckterZeigefinger.jpg 1297w\" sizes=\"auto, (max-width: 300px) 100vw, 300px\" \/><\/a><\/figure><\/div>\n\n\n\n<p>Erst nach dem Einsetzen in die Schulter (vor dem Abruf der Scheibe) wird der Finger an den Abzug genommen.<\/p>\n\n\n\n<div class=\"wp-block-image\"><figure class=\"aligncenter\"><a href=\"https:\/\/www.wwc-stuttgart.de\/wp-content\/uploads\/2019\/09\/FlinteSchlie\u00dfen.jpg\"><img loading=\"lazy\" decoding=\"async\" width=\"300\" height=\"137\" src=\"https:\/\/www.wwc-stuttgart.de\/wp-content\/uploads\/2019\/09\/FlinteSchlie\u00dfen-300x137.jpg\" alt=\"\" class=\"wp-image-859\" srcset=\"https:\/\/www.wwc-stuttgart.de\/wp-content\/uploads\/2019\/09\/FlinteSchlie\u00dfen-300x137.jpg 300w, https:\/\/www.wwc-stuttgart.de\/wp-content\/uploads\/2019\/09\/FlinteSchlie\u00dfen-768x352.jpg 768w, https:\/\/www.wwc-stuttgart.de\/wp-content\/uploads\/2019\/09\/FlinteSchlie\u00dfen-1024x469.jpg 1024w, https:\/\/www.wwc-stuttgart.de\/wp-content\/uploads\/2019\/09\/FlinteSchlie\u00dfen.jpg 1295w\" sizes=\"auto, (max-width: 300px) 100vw, 300px\" \/><\/a><\/figure><\/div>\n\n\n\n<p>Auch ist es sehr wichtig, die Flinte so zu halten, dass im Moment des Einrastens des Verschlusses die Laufb\u00fcndel nach vorne <strong>(nicht nach unten!<\/strong>) zeigen. L\u00f6st sich doch einmal ein Schuss aus Versehen, so muss dieser nach vorne (vor die Bunkerkante) in den Bereich gehen, in dem die Schrote auch bei einer beabsichtigten Schussabgabe gegangen w\u00e4ren und sicher abgebremst werden k\u00f6nnen. Da wir auch jagdliche St\u00e4nde haben, ist der Bereich vor den sportlichen Sch\u00fctzenst\u00e4nden gepflastert. Bitte bedenken Sie, dass eine Schrotladung aus mehreren hundert einzelnen Stahlkugeln besteht, und dass wenn nur eine dieser Kugeln ung\u00fcnstig die Kante eines Pflastersteins erwischt, ein zur\u00fcckprallen m\u00f6glich ist. Dies kann nicht geschehen, wenn das Laufb\u00fcndel nach vorne zeigt \u2013 daher ist diese Sicherheitsma\u00dfnahme so essenziell wichtig, nicht nur beim Schlie\u00dfen, sondern die gesamte Zeit, bis dass der Schuss abgegeben ist und die Flinte wieder ge\u00f6ffnet ist.<\/p>\n\n\n\n<div class=\"wp-block-image\"><figure class=\"aligncenter\"><a href=\"https:\/\/www.wwc-stuttgart.de\/wp-content\/uploads\/2019\/09\/sichererSchussbereich.jpg\"><img loading=\"lazy\" decoding=\"async\" width=\"300\" height=\"169\" src=\"https:\/\/www.wwc-stuttgart.de\/wp-content\/uploads\/2019\/09\/sichererSchussbereich-300x169.jpg\" alt=\"\" class=\"wp-image-863\" srcset=\"https:\/\/www.wwc-stuttgart.de\/wp-content\/uploads\/2019\/09\/sichererSchussbereich-300x169.jpg 300w, https:\/\/www.wwc-stuttgart.de\/wp-content\/uploads\/2019\/09\/sichererSchussbereich-768x432.jpg 768w, https:\/\/www.wwc-stuttgart.de\/wp-content\/uploads\/2019\/09\/sichererSchussbereich-1024x576.jpg 1024w, https:\/\/www.wwc-stuttgart.de\/wp-content\/uploads\/2019\/09\/sichererSchussbereich.jpg 1280w\" sizes=\"auto, (max-width: 300px) 100vw, 300px\" \/><\/a><\/figure><\/div>\n\n\n\n<p>Umgekehrt ist beim \u00d6ffnen der Flinte ebenfalls darauf zu achten, dass das Laufb\u00fcndel nach vorne zeigt.<\/p>\n\n\n\n<div class=\"wp-block-image\"><figure class=\"aligncenter\"><a href=\"https:\/\/www.wwc-stuttgart.de\/wp-content\/uploads\/2019\/09\/Flinte\u00d6ffnen.jpg\"><img loading=\"lazy\" decoding=\"async\" width=\"300\" height=\"168\" src=\"https:\/\/www.wwc-stuttgart.de\/wp-content\/uploads\/2019\/09\/Flinte\u00d6ffnen-300x168.jpg\" alt=\"\" class=\"wp-image-858\" srcset=\"https:\/\/www.wwc-stuttgart.de\/wp-content\/uploads\/2019\/09\/Flinte\u00d6ffnen-300x168.jpg 300w, https:\/\/www.wwc-stuttgart.de\/wp-content\/uploads\/2019\/09\/Flinte\u00d6ffnen-768x431.jpg 768w, https:\/\/www.wwc-stuttgart.de\/wp-content\/uploads\/2019\/09\/Flinte\u00d6ffnen-1024x574.jpg 1024w, https:\/\/www.wwc-stuttgart.de\/wp-content\/uploads\/2019\/09\/Flinte\u00d6ffnen.jpg 1280w\" sizes=\"auto, (max-width: 300px) 100vw, 300px\" \/><\/a><\/figure><\/div>\n\n\n\n<p>Dies ist am besten zu gew\u00e4hrleisten, wenn Sie sich von Anfang an angew\u00f6hnen den Schaft \u2013 beim Schlie\u00dfen wie beim \u00d6ffnen \u2013 gerade unter die Schulter zu klemmen.<\/p>\n\n\n\n<p>Wenn Sie zwei Patronen laden, aber die Wurfscheibe schon mit dem ersten Schuss treffen, ist die Flinte immer noch schussbereit, solange bis Sie die Flinte wieder (nach vorne) ge\u00f6ffnet haben. Daher ist es besonders wichtig, auf Stand 5 nach dem Schuss gegebenenfalls die zweite Patrone manuell aus dem Patronenlager zu entfernen. Um zur\u00fcck zu Stand 1 zu gelangen, m\u00fcssen Sie hinter den andern Sch\u00fctzen zur\u00fccklaufen. Dabei m\u00fcssen beide Patronenlager sichtbar leer sein \u2013 es darf keine Patrone, auch keine leere H\u00fclse in irgendeinem Patronenlager verbleiben. Auch ist es wichtig, sich beim Verlassen des Stands 5 von den anderen Sch\u00fctzen (und damit auch vom Stand 1) wegzudrehen \u2013 nat\u00fcrlich erst nachdem Sie beide Patronenlager geleert haben.<\/p>\n\n\n\n<div class=\"wp-block-image\"><figure class=\"aligncenter\"><a href=\"https:\/\/www.wwc-stuttgart.de\/wp-content\/uploads\/2019\/09\/Stand5.jpg\"><img loading=\"lazy\" decoding=\"async\" width=\"300\" height=\"168\" src=\"https:\/\/www.wwc-stuttgart.de\/wp-content\/uploads\/2019\/09\/Stand5-300x168.jpg\" alt=\"\" class=\"wp-image-864\" srcset=\"https:\/\/www.wwc-stuttgart.de\/wp-content\/uploads\/2019\/09\/Stand5-300x168.jpg 300w, https:\/\/www.wwc-stuttgart.de\/wp-content\/uploads\/2019\/09\/Stand5-768x430.jpg 768w, https:\/\/www.wwc-stuttgart.de\/wp-content\/uploads\/2019\/09\/Stand5-1024x573.jpg 1024w, https:\/\/www.wwc-stuttgart.de\/wp-content\/uploads\/2019\/09\/Stand5.jpg 1287w\" sizes=\"auto, (max-width: 300px) 100vw, 300px\" \/><\/a><\/figure><\/div>\n\n\n\n<p>Anf\u00e4ngern bieten wir vor dem ersten Schie\u00dfen eine Sicherheitseinweisung an, in der wir eben dies \u2013 mit einer leeren Flinte oder mit Abschlagpatronen \u2013 trainieren.<\/p>\n\n\n\n<h2 class=\"wp-block-heading\"><strong>Wer darf sich wo aufhalten<\/strong><\/h2>\n\n\n\n<div class=\"wp-block-image\"><figure class=\"aligncenter\"><a href=\"https:\/\/www.wwc-stuttgart.de\/wp-content\/uploads\/2019\/09\/Skizze.jpg\"><img loading=\"lazy\" decoding=\"async\" width=\"300\" height=\"168\" src=\"https:\/\/www.wwc-stuttgart.de\/wp-content\/uploads\/2019\/09\/Skizze-300x168.jpg\" alt=\"\" class=\"wp-image-871\" srcset=\"https:\/\/www.wwc-stuttgart.de\/wp-content\/uploads\/2019\/09\/Skizze-300x168.jpg 300w, https:\/\/www.wwc-stuttgart.de\/wp-content\/uploads\/2019\/09\/Skizze-768x431.jpg 768w, https:\/\/www.wwc-stuttgart.de\/wp-content\/uploads\/2019\/09\/Skizze-1024x575.jpg 1024w, https:\/\/www.wwc-stuttgart.de\/wp-content\/uploads\/2019\/09\/Skizze.jpg 1286w\" sizes=\"auto, (max-width: 300px) 100vw, 300px\" \/><\/a><\/figure><\/div>\n\n\n\n<p>Selbstverst\u00e4ndlich darf sich w\u00e4hrend des Schie\u00dfens niemand vor den Sch\u00fctzen aufhalten. Oder anders ausgedr\u00fcckt, solange sich noch jemand vor den Sch\u00fctzen befindet, darf und wird die Schie\u00df- und Standaufsicht das Schie\u00dfen nicht freigeben. Der Bereich vor dem Zaun ist dabei den Sch\u00fctzen, der Aufsicht und bei Wettk\u00e4mpfen dem Haupt- und den Nebenrichtern vorbehalten. Zuschauer (mit Geh\u00f6rschutz) d\u00fcrfen hinter dem Zaun stehen.<\/p>\n\n\n\n<h2 class=\"wp-block-heading\"><strong>Kleidung \/ Schutzausr\u00fcstung<\/strong><\/h2>\n\n\n\n<p>Ein Geh\u00f6rschutz, eine Sicherheitsbrille und eine Kappe k\u00f6nnen Sie bei uns leihen. Die Verwendung eines Geh\u00f6rschutzes ist auch f\u00fcr Zuschauer obligatorisch. Bitte bringen Sie flache Schuhe, in denen Sie einen sicheren Stand haben mit. Ihre Jacke sollte im Bereich der Schulter nicht zu sehr gepolstert sein und auch der Kragen sollte nicht in den Schulterbereich flattern.<\/p>\n","protected":false},"excerpt":{"rendered":"<p>Obwohl es sonst nicht unsere Art ist, auf Regeln herumzureiten, k\u00f6nnen und wollen wir beim Thema Sicherheit keine Kompromisse machen. Schlie\u00dflich sind unsere Sportger\u00e4te erwerbscheinpflichtige Flinten (meistens Bockdoppelflinten), die bei &hellip; <\/p>\n<p class=\"link-more\"><a href=\"https:\/\/www.wwc-stuttgart.de\/events\/sicherheitsregeln\/\" class=\"more-link\"><span class=\"screen-reader-text\">\u201eSicherheitsregeln\u201c <\/span>weiterlesen<\/a><\/p>\n","protected":false},"author":1,"featured_media":0,"parent":0,"menu_order":0,"comment_status":"closed","ping_status":"closed","template":"","meta":{"footnotes":""},"class_list":["post-74","page","type-page","status-publish","hentry"],"_links":{"self":[{"href":"https:\/\/www.wwc-stuttgart.de\/events\/wp-json\/wp\/v2\/pages\/74","targetHints":{"allow":["GET"]}}],"collection":[{"href":"https:\/\/www.wwc-stuttgart.de\/events\/wp-json\/wp\/v2\/pages"}],"about":[{"href":"https:\/\/www.wwc-stuttgart.de\/events\/wp-json\/wp\/v2\/types\/page"}],"author":[{"embeddable":true,"href":"https:\/\/www.wwc-stuttgart.de\/events\/wp-json\/wp\/v2\/users\/1"}],"replies":[{"embeddable":true,"href":"https:\/\/www.wwc-stuttgart.de\/events\/wp-json\/wp\/v2\/comments?post=74"}],"version-history":[{"count":4,"href":"https:\/\/www.wwc-stuttgart.de\/events\/wp-json\/wp\/v2\/pages\/74\/revisions"}],"predecessor-version":[{"id":1052,"href":"https:\/\/www.wwc-stuttgart.de\/events\/wp-json\/wp\/v2\/pages\/74\/revisions\/1052"}],"wp:attachment":[{"href":"https:\/\/www.wwc-stuttgart.de\/events\/wp-json\/wp\/v2\/media?parent=74"}],"curies":[{"name":"wp","href":"https:\/\/api.w.org\/{rel}","templated":true}]}}